{"id":31,"date":"2012-10-30T19:22:30","date_gmt":"2012-10-30T19:22:30","guid":{"rendered":"http:\/\/tecnoplagas.com\/es\/?page_id=31"},"modified":"2013-05-31T03:31:13","modified_gmt":"2013-05-31T03:31:13","slug":"servicios-2","status":"publish","type":"page","link":"https:\/\/www.tecnoplagas.com\/es\/?page_id=31","title":{"rendered":"Servicios"},"content":{"rendered":"<p><a name=\"aves\"><\/a><span style=\"color: #000;\"><strong>Sistema para control de aves<\/strong><\/span><\/p>\n<p><a href=\"http:\/\/tecnoplagas.com\/es\/wp-content\/uploads\/2012\/10\/pajaros-servicios.jpg\"><img loading=\"lazy\" decoding=\"async\" class=\"alignnone size-full wp-image-104\" title=\"pajaros-servicios\" src=\"http:\/\/tecnoplagas.com\/es\/wp-content\/uploads\/2012\/10\/pajaros-servicios.jpg\" alt=\"\" width=\"800\" height=\"290\" srcset=\"https:\/\/www.tecnoplagas.com\/es\/wp-content\/uploads\/2012\/10\/pajaros-servicios.jpg 800w, https:\/\/www.tecnoplagas.com\/es\/wp-content\/uploads\/2012\/10\/pajaros-servicios-300x108.jpg 300w\" sizes=\"auto, (max-width: 800px) 100vw, 800px\" \/><\/a><\/p>\n<p>Control de aves para su hogar, negocio, almac\u00e9n, restaurante, hotel o cualquier \u00e1rea o instalaci\u00f3n<br \/>\ndonde se requiera.<\/p>\n<p>La presencia de ciertas aves representa contaminaci\u00f3n que es altamente da\u00f1ina para el ser humano,<br \/>\ntanto para su salud como para sus bienes.<\/p>\n<p>Es de todos bien sabido que los excrementos de las aves causan da\u00f1o a las estructuras y<br \/>\nmonumentos alrededor de todo el mundo.<\/p>\n<p>Los nidos y desechos de las aves (excremento, huevos, plumas, cad\u00e1veres, etc.) son una rica<br \/>\nfuente para la procreaci\u00f3n y proliferaci\u00f3n de todo tipo de; virus, bacterias e insectos, tales como<br \/>\n\u00e1caros, piojos, chinches, pulgas, garrapatas, cucarachas, etc.<\/p>\n<p>Los nidos y desechos de las aves son fuente de mas de 50 enfermedades (algunas mortales) tales<br \/>\ncomo la fibrosis pulmonar, salmonelosis, parasitosis, tuberculosis aviar, encefalitis entre otras.<\/p>\n<p>En nuestra empresa contamos con personal capacitado para el control de aves, con t\u00e9cnicas de<br \/>\ntipo mec\u00e1nico, qu\u00edmico y biol\u00f3gico, que ahuyentan a las aves sin causarles ning\u00fan da\u00f1o. Todos<br \/>\nnuestros m\u00e9todos son 100% ecol\u00f3gicos y cumplen con las normas ambientales.<\/p>\n<p>Perm\u00edtanos ofrecerle un presupuesto sin ning\u00fan compromiso, ser\u00e1 un gusto poder atenderle.<\/p>\n<p>&nbsp;<\/p>\n<p><a name=\"plagas\"><\/a><span style=\"color: #000;\"><strong>Sistema para control de plagas<\/strong><\/span><\/p>\n<p><a href=\"http:\/\/tecnoplagas.com\/es\/wp-content\/uploads\/2012\/10\/cucarachas-servicios.jpg\"><img loading=\"lazy\" decoding=\"async\" class=\"alignnone size-full wp-image-106\" title=\"cucarachas-servicios\" src=\"http:\/\/tecnoplagas.com\/es\/wp-content\/uploads\/2012\/10\/cucarachas-servicios.jpg\" alt=\"\" width=\"800\" height=\"290\" srcset=\"https:\/\/www.tecnoplagas.com\/es\/wp-content\/uploads\/2012\/10\/cucarachas-servicios.jpg 800w, https:\/\/www.tecnoplagas.com\/es\/wp-content\/uploads\/2012\/10\/cucarachas-servicios-300x108.jpg 300w\" sizes=\"auto, (max-width: 800px) 100vw, 800px\" \/><\/a><\/p>\n<p>&nbsp;<\/p>\n<p>Plaga es considerado a una situaci\u00f3n en la cual un animal produce da\u00f1os materiales, por lo<br \/>\nregular f\u00edsicos, que repercuten en lo econ\u00f3mico a los intereses de persona(s). Da\u00f1os en la salud, a<br \/>\nmateriales, animales dom\u00e9sticos o de ganader\u00eda, plantas, etc. Las plagas prosperan si existe una<br \/>\nfuente de alimento concentrada y confiable.<\/p>\n<p>Tecno Control de Plagas es una empresa profesional, especializada y confiable en el control y<br \/>\nprevenci\u00f3n de plagas.<\/p>\n<p>Se da servicio a todo tipo de instalaciones; hospitales, escuelas, hoteles, restaurantes,<br \/>\nresidencias, industria, comercio, almacenes, transportes, embarcaciones, etc. El trabajo<br \/>\ncomienza con el an\u00e1lisis del problema en particular o la prevenci\u00f3n de posibles plagas existentes<br \/>\nen la regi\u00f3n, para as\u00ed responder con la mejor soluci\u00f3n a dicho problema con la m\u00e1s alta calidad en<br \/>\nproductos y tecnolog\u00eda aplicada para cada caso particular.<\/p>\n<p>Nuestro objetivo es la satisfacci\u00f3n del cliente. Somos una empresa conformada por personal<br \/>\naltamente calificado y honesto, con un alto nivel de compromiso a nuestros clientes. El servicio<br \/>\nes eficiente y eficaz ya que utilizamos medidas adecuadas a problemas de control de plagas<br \/>\nespec\u00edficos.<\/p>\n<ul>\n<li>Alacr\u00e1n<\/li>\n<li>Cucaracha<\/li>\n<li>Termita<\/li>\n<li>Escorpi\u00f3n<\/li>\n<li>Hormiga<\/li>\n<li>Garrapata<\/li>\n<li>Pulga<\/li>\n<li>\u00c1caros<\/li>\n<li>Cochinilla<\/li>\n<li>Polilla<\/li>\n<li>Gatos<\/li>\n<li>Etc.<\/li>\n<\/ul>\n<p>Ofrecemos equipos de aplicaci\u00f3n, plaguicidas y todo lo indispensable para el control de plagas<br \/>\nadecuado.<\/p>\n<p>Nuestro trabajo consiste en:<\/p>\n<p>1.- Inspecci\u00f3n de las \u00e1reas a tratar, para identificar el tipo de plaga y el grado de infestaci\u00f3n.<\/p>\n<p>2.- Recomendaciones que se deben realizar en la empresa o casa habitaci\u00f3n; antes, durante y despu\u00e9s<br \/>\ndel servicio.<\/p>\n<p>3.- Calendarizaci\u00f3n de los servicios para cada una de las \u00e1reas.<\/p>\n<p>4.- Instalaci\u00f3n de cebaderos para roedores, con croquis de ubicaci\u00f3n.<\/p>\n<p>5.- Reporte de hallazgos de fauna nociva.<\/p>\n<p>6.- informaci\u00f3n: el cliente recibir\u00e1 la informaci\u00f3n de los productos usados. Hoja de seguridad,<br \/>\nficha t\u00e9cnica y registro COFEPRIS.<\/p>\n<p>7.- Certificado de control de plagas: el cliente recibir\u00e1 el correspondiente certificado con la<br \/>\nlicencia de la S.S. vigente<\/p>\n<p>Nuestra ubicaci\u00f3n es en la zona de Los Cabos, los presupuestos son sin costo alguno, estamos a<br \/>\nsus \u00f3rdenes.<\/p>\n<p>&nbsp;<\/p>\n<p><a name=\"termitas\"><\/a><strong>\u00a0Control de termitas<\/strong><\/p>\n<p><a href=\"http:\/\/tecnoplagas.com\/es\/wp-content\/uploads\/2012\/10\/termitas-servicios.jpg\"><img loading=\"lazy\" decoding=\"async\" class=\"alignnone size-full wp-image-137\" title=\"termitas-servicios\" src=\"http:\/\/tecnoplagas.com\/es\/wp-content\/uploads\/2012\/10\/termitas-servicios.jpg\" alt=\"\" width=\"800\" height=\"290\" srcset=\"https:\/\/www.tecnoplagas.com\/es\/wp-content\/uploads\/2012\/10\/termitas-servicios.jpg 800w, https:\/\/www.tecnoplagas.com\/es\/wp-content\/uploads\/2012\/10\/termitas-servicios-300x108.jpg 300w\" sizes=\"auto, (max-width: 800px) 100vw, 800px\" \/><\/a><\/p>\n<p>Las termitas son insectos que tienen la habilidad de descomponer la celulosa en sustancia que<br \/>\npueden digerir, por eso las termitas se comen la madera.<\/p>\n<p>En M\u00e9xico existen 60 especies, dentro de 20 g\u00e9neros agrupados en 4 familias.<\/p>\n<p>El sistema de reproducci\u00f3n de las termitas es a trav\u00e9s de una reina, que es capaz de producir<br \/>\n10,000 huevecillos por d\u00eda, esto significa mas de 3, 000,000 de huevecillos al a\u00f1o y<br \/>\nsi consideramos que pueden vivir hasta una d\u00e9cada, una sola reina puede producir hasta<br \/>\n30 millones de huevecillos a lo largo de su vida reproductiva, es por eso que es de vital<br \/>\nimportancia controlar esta plaga.<\/p>\n<p>Las termitas viven en el subsuelo y el da\u00f1o que pueden ocasionar a sus bienes va a depender<br \/>\ndel tama\u00f1o de la colonial y el tiempo que se tome ud. antes de llamarnos para que le<br \/>\npongamos una soluci\u00f3n a su problema. Las termitas en el subsuelo construyen t\u00faneles<br \/>\nramificados en busca de la celulosa (madera) y no paran hasta encontrar una fuente de<br \/>\nalimentaci\u00f3n.<\/p>\n<p>Tecno Control de Plagas cuenta con sistemas de prevenci\u00f3n (pre-construcci\u00f3n) y sistemas para<br \/>\nel control de termitas (post-construcci\u00f3n). PIDA UN PRESUPUESTO GRATIS, CON GUSTO LO<br \/>\nATENDEREMOS.<\/p>\n<p>&nbsp;<\/p>\n<p><a name=\"insectos\"><\/a><strong>Sistema para control de insectos voladores<\/strong><\/p>\n<p><a href=\"http:\/\/tecnoplagas.com\/es\/wp-content\/uploads\/2012\/10\/mosquito-servicios.jpg\"><img loading=\"lazy\" decoding=\"async\" class=\"alignnone size-full wp-image-107\" title=\"mosquito-servicios\" src=\"http:\/\/tecnoplagas.com\/es\/wp-content\/uploads\/2012\/10\/mosquito-servicios.jpg\" alt=\"\" width=\"800\" height=\"290\" srcset=\"https:\/\/www.tecnoplagas.com\/es\/wp-content\/uploads\/2012\/10\/mosquito-servicios.jpg 800w, https:\/\/www.tecnoplagas.com\/es\/wp-content\/uploads\/2012\/10\/mosquito-servicios-300x108.jpg 300w\" sizes=\"auto, (max-width: 800px) 100vw, 800px\" \/><\/a><\/p>\n<p>Los mosquitos, moscas y otros insectos voladores son m\u00e1s que una molestia. Son un riesgo para<\/p>\n<p>la salud de su familia, invitados y clientes.<\/p>\n<p>Bug DeFence es el m\u00e1s avanzado sistema para el control de mosquitos y otros insectos voladores<br \/>\ncreando una fina nebulizaci\u00f3n de acci\u00f3n prolongada.<\/p>\n<p>Ahora s\u00ed es posible disfrutar de las \u00e1reas al aire libre sin molestias ni preocupaciones.<\/p>\n<p>Bug DeFence es un equipo totalmente automatizado y programable. Capacidad de programaci\u00f3n<br \/>\nde hasta 500 aspersiones diarias. Tambi\u00e9n es posible activarlo con control remoto. Cuenta con<br \/>\nboquillas anti-goteo de alto rendimiento que generan una gota de tama\u00f1o inferior a 20 micras.<\/p>\n<p>Capacidad de operaci\u00f3n: bomba que genera una presi\u00f3n de +220 PSI, y abastece hasta 100<br \/>\nboquillas espaciadas de 4 m aproximadamente. Esto se traduce en un rango de protecci\u00f3n de +500 m lineales<br \/>\ny cada boquilla protege aproximadamente 4 metros cuadrados.<\/p>\n<p>Damos el servicio de mantenimiento que incluye refacciones, soporte y servicio personalizado, as\u00ed<br \/>\ncomo limpieza y llenado de producto para el equipo.<\/p>\n<p>El mecanismo computarizado inyecta l\u00edquido a gran presi\u00f3n a trav\u00e9s de boquillas de alto<br \/>\nrendimiento, previamente instaladas en puntos donde se requiere mayor protecci\u00f3n. Esto crea una<br \/>\nfin\u00edsima nebulizaci\u00f3n de acci\u00f3n prolongada que elimina y repele a los mosquitos y otros insectos<br \/>\nvoladores. El sistema funciona en forma automatizada, siguiendo una programaci\u00f3n previamente<br \/>\nestablecida de acuerdo a la actividad predominante de los insectos y a las necesidades de cada<br \/>\ncliente.<\/p>\n<p>Es un sistema que tiene y debe ser instalada y mantenida por expertos en la materia, como<br \/>\nnuestro personal de Tecno Control de Plagas, el cual ya ha sido capacitado para realizar el mejor<br \/>\nservicio al equipo desde su instalaci\u00f3n.<\/p>\n<p>Adem\u00e1s de lograr un efectivo control de insectos voladores, nuestras instalaciones son est\u00e9ticas,<br \/>\ndiscretas y en armon\u00eda con su entorno.<\/p>\n","protected":false},"excerpt":{"rendered":"<p>Sistema para control de aves Control de aves para su hogar, negocio, almac\u00e9n, restaurante, hotel o cualquier \u00e1rea o instalaci\u00f3n donde se requiera. La presencia de ciertas aves representa contaminaci\u00f3n que es altamente da\u00f1ina para el ser humano, tanto para su salud como para sus bienes. Es de todos bien&#8230;<\/p>\n","protected":false},"author":1,"featured_media":0,"parent":0,"menu_order":0,"comment_status":"open","ping_status":"open","template":"page-fullwidth.php","meta":{"footnotes":""},"class_list":["post-31","page","type-page","status-publish","hentry"],"_links":{"self":[{"href":"https:\/\/www.tecnoplagas.com\/es\/index.php?rest_route=\/wp\/v2\/pages\/31","targetHints":{"allow":["GET"]}}],"collection":[{"href":"https:\/\/www.tecnoplagas.com\/es\/index.php?rest_route=\/wp\/v2\/pages"}],"about":[{"href":"https:\/\/www.tecnoplagas.com\/es\/index.php?rest_route=\/wp\/v2\/types\/page"}],"author":[{"embeddable":true,"href":"https:\/\/www.tecnoplagas.com\/es\/index.php?rest_route=\/wp\/v2\/users\/1"}],"replies":[{"embeddable":true,"href":"https:\/\/www.tecnoplagas.com\/es\/index.php?rest_route=%2Fwp%2Fv2%2Fcomments&post=31"}],"version-history":[{"count":25,"href":"https:\/\/www.tecnoplagas.com\/es\/index.php?rest_route=\/wp\/v2\/pages\/31\/revisions"}],"predecessor-version":[{"id":35,"href":"https:\/\/www.tecnoplagas.com\/es\/index.php?rest_route=\/wp\/v2\/pages\/31\/revisions\/35"}],"wp:attachment":[{"href":"https:\/\/www.tecnoplagas.com\/es\/index.php?rest_route=%2Fwp%2Fv2%2Fmedia&parent=31"}],"curies":[{"name":"wp","href":"https:\/\/api.w.org\/{rel}","templated":true}]}}