{"id":43,"date":"2012-10-31T23:50:56","date_gmt":"2012-10-31T23:50:56","guid":{"rendered":"http:\/\/tecnoplagas.com\/es\/?page_id=43"},"modified":"2013-06-22T17:19:24","modified_gmt":"2013-06-22T17:19:24","slug":"products","status":"publish","type":"page","link":"https:\/\/www.tecnoplagas.com\/es\/?page_id=43","title":{"rendered":"Historia"},"content":{"rendered":"<p><strong>COOPERATIVA FLECHA CABO S.C. DE R.L. DE C.V.<\/strong><\/p>\n<p>Del 2002 al 2008 la empresa fue distribuidora de productos para el control de plagas, siendo los controladores de plagas de La Paz y de Los Cabos sus principales clientes, tuvimos la distribuci\u00f3n directa de los siguientes laboratorios:<\/p>\n<ul>\n<li>Quimix.<\/li>\n<li>Allister.<\/li>\n<li>Tridente.<\/li>\n<li>Danicom.<\/li>\n<li>Insecto fin.<\/li>\n<li>Kwazar.<\/li>\n<li>Swissmex.<\/li>\n<\/ul>\n<p>Fuimos subdistribuidores de:<\/p>\n<ul>\n<li>Bayer.<\/li>\n<li>Fmc.<\/li>\n<li>Basf.<\/li>\n<li>Bell.<\/li>\n<li>Syngenta etc.<\/li>\n<\/ul>\n<p>Durante ese periodo, se organizaron varios cursos de capacitaci\u00f3n patrocinados por la empresa y por nuestros proveedores, dirigidos a los controladores de plagas con temas variados como:<\/p>\n<ul>\n<li>El control integral en el manejo de plagas.<\/li>\n<li>Procedimientos y equipos para el control de plagas.<\/li>\n<li>Control de cucarachas.<\/li>\n<li>Control de insectos voladores.<\/li>\n<li>Control de termitas.<\/li>\n<li>Control de alacranes.<\/li>\n<li>Control de hormigas.<\/li>\n<li>Control de chinche de cama.<\/li>\n<li>Control de roedores, entre otros.<\/li>\n<\/ul>\n<p>Actualmente nuestra empresa cuenta con 4 divisiones:<\/p>\n<p><strong>CONTROL DE AVES:<br \/>\n<\/strong>En agosto del 2009, el Ing. Carlos Trejo, propietario de la empresa, asisti\u00f3 a la internacional \u201cBIRD STRIKE CONFERENCE\u201d \u00a0con expositores de m\u00e1s de 20 paises en Victoria, British Columbia, Canad\u00e1, donde obtuvo el certificado para el manejo ecol\u00f3gico en el control de aves.<\/p>\n<p><strong>CONTROL DE INSECTOS VOLADORES:<br \/>\n<\/strong>A partir del 2007 y hasta la fecha la empresa es distribuidora del equipo marca BUG DEFENCE para el control de insectos voladores.<\/p>\n<p><strong>CONTROL DE TERMITAS:<br \/>\n<\/strong>Nuestra empresa cuenta con el sistema de prevenci\u00f3n de termitas, y un sistema para el control de termitas pos construcci\u00f3n \u00fanico en la zona, ofreciendo un excelente resultado a un bajo costo.<\/p>\n<p><strong>CONTROL DE PLAGAS:<br \/>\n<\/strong>Esta divisi\u00f3n cuenta con clientes en los siguientes sectores:<\/p>\n<ul>\n<li>Hotelero.<\/li>\n<li>Restaurantero.<\/li>\n<li>Industrial.<\/li>\n<li>Comercial.<\/li>\n<li>Comunicaciones (trasportadoras tur\u00edsticas)<\/li>\n<li>Naviero (embarcaciones)<\/li>\n<li>De la educaci\u00f3n (escuelas)<\/li>\n<li>Salud (hospitales)<\/li>\n<li>Residencial.<\/li>\n<\/ul>\n","protected":false},"excerpt":{"rendered":"<p>COOPERATIVA FLECHA CABO S.C. DE R.L. DE C.V. Del 2002 al 2008 la empresa fue distribuidora de productos para el control de plagas, siendo los controladores de plagas de La Paz y de Los Cabos sus principales clientes, tuvimos la distribuci\u00f3n directa de los siguientes laboratorios: Quimix. Allister. Tridente. Danicom&#8230;.<\/p>\n","protected":false},"author":1,"featured_media":0,"parent":0,"menu_order":0,"comment_status":"open","ping_status":"open","template":"","meta":{"footnotes":""},"class_list":["post-43","page","type-page","status-publish","hentry"],"_links":{"self":[{"href":"https:\/\/www.tecnoplagas.com\/es\/index.php?rest_route=\/wp\/v2\/pages\/43","targetHints":{"allow":["GET"]}}],"collection":[{"href":"https:\/\/www.tecnoplagas.com\/es\/index.php?rest_route=\/wp\/v2\/pages"}],"about":[{"href":"https:\/\/www.tecnoplagas.com\/es\/index.php?rest_route=\/wp\/v2\/types\/page"}],"author":[{"embeddable":true,"href":"https:\/\/www.tecnoplagas.com\/es\/index.php?rest_route=\/wp\/v2\/users\/1"}],"replies":[{"embeddable":true,"href":"https:\/\/www.tecnoplagas.com\/es\/index.php?rest_route=%2Fwp%2Fv2%2Fcomments&post=43"}],"version-history":[{"count":6,"href":"https:\/\/www.tecnoplagas.com\/es\/index.php?rest_route=\/wp\/v2\/pages\/43\/revisions"}],"predecessor-version":[{"id":178,"href":"https:\/\/www.tecnoplagas.com\/es\/index.php?rest_route=\/wp\/v2\/pages\/43\/revisions\/178"}],"wp:attachment":[{"href":"https:\/\/www.tecnoplagas.com\/es\/index.php?rest_route=%2Fwp%2Fv2%2Fmedia&parent=43"}],"curies":[{"name":"wp","href":"https:\/\/api.w.org\/{rel}","templated":true}]}}